{"id":4932,"date":"2023-10-06T18:54:29","date_gmt":"2023-10-06T18:54:29","guid":{"rendered":"https:\/\/owwco1.garykli.com\/forms-and-guidelines\/"},"modified":"2026-01-28T17:25:30","modified_gmt":"2026-01-28T17:25:30","slug":"formulaires-et-directives","status":"publish","type":"page","link":"https:\/\/owwco1.garykli.com\/fr\/formulaires-et-directives\/","title":{"rendered":"Formulaires et directives"},"content":{"rendered":"<p><section data-bb-version=\"4.6.1\" id=\"bt_bb_section69e9e2097e63b\" class=\"bt_bb_section bt_bb_color_scheme_1 bt_bb_layout_boxed_1200 bt_bb_vertical_align_top bt_bb_background_overlay_dark_solid bt_bb_top_spacing_medium bt_bb_bottom_spacing_medium\" style=\"; --section-primary-color:#ffffff; --section-secondary-color:#191919;\" data-bt-override-class=\"{&quot;bt_bb_top_spacing_&quot;:{&quot;current_class&quot;:&quot;bt_bb_top_spacing_medium&quot;,&quot;def&quot;:&quot;medium&quot;},&quot;bt_bb_bottom_spacing_&quot;:{&quot;current_class&quot;:&quot;bt_bb_bottom_spacing_medium&quot;,&quot;def&quot;:&quot;medium&quot;}}\"><div class=\"bt_bb_background_image_holder_wrapper\"><div class=\"bt_bb_background_image_holder btLazyLoadBackground\"  data-background_image_src=\"https:\/\/owwco1.garykli.com\/wp-content\/uploads\/2023\/09\/shutterstock_116229136.jpg\" data-parallax-zoom-start=\"1\" data-parallax-zoom-end=\"1\" data-parallax-blur-start=\"0\" data-parallax-blur-end=\"0\" data-parallax-opacity-start=\"1\" data-parallax-opacity-end=\"1\" style=\" background-image: url(&#039;https:\/\/owwco1.garykli.com\/wp-content\/plugins\/bold-page-builder\/img\/blank.gif&#039;);\"><\/div><\/div><div class=\"bt_bb_port\"><div class=\"bt_bb_cell\"><div class=\"bt_bb_cell_inner\"><div class=\"bt_bb_row \"  data-bt-override-class=\"{}\"><div class=\"bt_bb_row_holder\" ><div  class=\"bt_bb_column col-xxl-3 col-xl-3 bt_bb_vertical_align_top bt_bb_align_left bt_bb_padding_normal\" style=\"; --column-width:3;\" data-width=\"3\" data-bt-override-class=\"{}\"><div class=\"bt_bb_column_content\"><div class=\"bt_bb_column_content_inner\"><\/div><\/div><\/div><div  class=\"bt_bb_column col-xxl-6 col-xl-6 bt_bb_vertical_align_middle bt_bb_align_center bt_bb_padding_normal bt_bb_animation_fade_in animate\" style=\"; --column-width:6;\" data-width=\"6\" data-bt-override-class=\"{}\"><div class=\"bt_bb_column_content\"><div class=\"bt_bb_column_content_inner\"><div class=\"bt_bb_separator bt_bb_border_style_none bt_bb_border_color_none bt_bb_bottom_spacing_medium\" data-bt-override-class=\"null\"><\/div><header data-bb-version=\"4.6.1\" class=\"bt_bb_headline bt_bb_dash_none bt_bb_size_large bt_bb_align_inherit\" data-bt-override-class=\"{&quot;bt_bb_size_&quot;:{&quot;current_class&quot;:&quot;bt_bb_size_large&quot;,&quot;def&quot;:&quot;large&quot;},&quot;bt_bb_align_&quot;:{&quot;current_class&quot;:&quot;bt_bb_align_inherit&quot;,&quot;def&quot;:&quot;inherit&quot;}}\"><h1 class=\"bt_bb_headline_tag\"><span class=\"bt_bb_headline_content\"><span>Formulaires et directives<\/span><\/span><\/h1><\/header><\/div><\/div><\/div><div  class=\"bt_bb_column col-xxl-3 col-xl-3 bt_bb_vertical_align_top bt_bb_align_left bt_bb_padding_normal\" style=\"; --column-width:3;\" data-width=\"3\" data-bt-override-class=\"{}\"><div class=\"bt_bb_column_content\"><div class=\"bt_bb_column_content_inner\"><\/div><\/div><\/div><\/div><\/div><\/div><!-- cell_inner --><\/div><!-- cell --><\/div><!-- port --><\/section><section data-bb-version=\"4.6.1\" id=\"bt_bb_section69e9e2097ebd4\" class=\"bt_bb_section bt_bb_color_scheme_2 bt_bb_layout_boxed_1200 bt_bb_vertical_align_top bt_bb_top_spacing_normal bt_bb_bottom_spacing_normal\" style=\"; --section-primary-color:#191919; --section-secondary-color:#ffffff;\" data-bt-override-class=\"{&quot;bt_bb_top_spacing_&quot;:{&quot;current_class&quot;:&quot;bt_bb_top_spacing_normal&quot;,&quot;def&quot;:&quot;normal&quot;},&quot;bt_bb_bottom_spacing_&quot;:{&quot;current_class&quot;:&quot;bt_bb_bottom_spacing_normal&quot;,&quot;def&quot;:&quot;normal&quot;}}\"><div class=\"bt_bb_port\"><div class=\"bt_bb_cell\"><div class=\"bt_bb_cell_inner\"><div class=\"bt_bb_row \"  data-bt-override-class=\"{}\"><div class=\"bt_bb_row_holder\" ><div data-bb-version=\"4.6.1\"  class=\"bt_bb_column col-xxl-12 col-xl-12 col-xs-12 col-sm-12 col-md-12 col-lg-12 bt_bb_vertical_align_top bt_bb_align_left bt_bb_padding_normal\" style=\"; --column-width:12;\" data-width=\"12\" data-bt-override-class=\"{}\"><div class=\"bt_bb_column_content\"><div class=\"bt_bb_column_content_inner\"><div data-bb-version=\"4.6.1\"  class=\"bt_bb_text\" ><\/p>\n<p><strong>Formulaires \u00e9lectroniques<\/strong><\/p>\n<ul>\n<li><strong>2130F\u00a0<\/strong><a title=\"\" href=\"https:\/\/forms.mgcs.gov.on.ca\/en\/dataset\/012-2130\" target=\"_blank\" rel=\"noopener noreferrer\">Examen d\u2019accr\u00e9ditation<\/a><\/li>\n<li><strong>2132F\u00a0<\/strong><a title=\"\" href=\"https:\/\/forms.mgcs.gov.on.ca\/en\/dataset\/012-2132\" target=\"_blank\" rel=\"noopener noreferrer\">D\u00e9livrance de certificat et de permis d\u2019exploitant en formation<\/a><\/li>\n<\/ul>\n<p><a href=\"https:\/\/owwco1.garykli.com\/fr\/appinfo\/\" target=\"_blank\" rel=\"noopener\"><button class=\"button button1\">Foire aux questions et conseils pour les formulaires \u00e9lectroniques<\/button><\/a><\/p>\n<p><strong>FORMULAIRES<\/strong><\/p>\n<ul>\n<li><strong>2135F\u00a0<\/strong><a title=\"\" href=\"https:\/\/forms.mgcs.gov.on.ca\/en\/dataset\/012-2135\" target=\"_blank\" rel=\"noopener noreferrer\">Demande de renouvellement du certificat d\u2019exploitant de r\u00e9seau d\u2019eau potable et du permis d\u2019exploitation de r\u00e9seau d\u2019\u00e9gout<\/a><\/li>\n<li><strong>2136F\u00a0<\/strong><a title=\"\" href=\"https:\/\/forms.mgcs.gov.on.ca\/en\/dataset\/012-2136\" target=\"_blank\" rel=\"noopener noreferrer\">Demande de certificat d\u2019exploitant de r\u00e9seau d\u2019eau potable et de permis d\u2019exploitant d\u2019installation d\u2019eaux us\u00e9es<\/a><\/li>\n<li><strong><span class=\"style1\">2131F\u00a0<\/span><\/strong><a title=\"\" href=\"https:\/\/forms.mgcs.gov.on.ca\/en\/dataset\/012-2131\" target=\"_blank\" rel=\"noopener noreferrer\">Avis de changement d\u2019adresse<\/a><\/li>\n<li><strong><span class=\"style1\">2133F\u00a0<\/span><\/strong><a title=\"\" href=\"https:\/\/forms.mgcs.gov.on.ca\/en\/dataset\/012-2133\" target=\"_blank\" rel=\"noopener noreferrer\">Demande d\u2019acc\u00e8s utilisateur \u2014 Syst\u00e8me d\u2019accr\u00e9ditation des exploitants d\u2019installations d\u2019eau et d\u2019eaux us\u00e9es<\/a><\/li>\n<li><strong>2160F\u00a0<\/strong><a title=\"\" href=\"https:\/\/forms.mgcs.gov.on.ca\/en\/dataset\/012-2160\" target=\"_blank\" rel=\"noopener noreferrer\">Demande d\u2019\u00e9valuation d\u2019un instructeur et de r\u00e9\u00e9valuation d\u2019un programme d\u2019\u00e9ducation permanente approuv\u00e9 par le directeur<\/a><\/li>\n<\/ul>\n<p><strong>FORMULAIRES POUR LES PROPRI\u00c9TAIRES ET LES AUTORIT\u00c9S D&rsquo;EXPLOITATION<\/strong><\/p>\n<ul>\n<li><strong>2134F\u00a0<\/strong><a title=\"\" href=\"https:\/\/forms.mgcs.gov.on.ca\/en\/dataset\/012-2134\" target=\"_blank\" rel=\"noopener noreferrer\">Classification des sous-r\u00e9seaux r\u00e9sidentiels municipaux d\u2019eau potable et des installations d\u2019eaux us\u00e9es<\/a><\/li>\n<li><a href=\"https:\/\/owwco1.garykli.com\/docs\/Strike%20and%20Lock-out%20Plan%20Submission%20Form_Aug2024.docm\" rel=\"noopener noreferrer\" data-wpel-link=\"internal\">Formulaire de Soumission de Plan D\u2019action en cas de Gr\u00e8ve ou de Lock-out<\/a><\/li>\n<\/ul>\n<h5>CONSEILS, DIRECTIVES ET INFORMATIONS ESSENTIELLES<\/h5>\n<p><strong>FICHES D\u2019INDICATIONS<\/strong><\/p>\n<ul>\n<li><a href=\"https:\/\/owwco1.garykli.com\/preparing-for-your-exam\/\">Preparing for your Exam \u2013 Study Material<\/a><\/li>\n<li><a href=\"https:\/\/owwco1.garykli.com\/wp-content\/uploads\/2023\/11\/Tip-Sheet-Drinking-Water.pdf\">Drinking Water Renewal Tip Sheet<\/a><\/li>\n<li><a href=\"https:\/\/owwco1.garykli.com\/wp-content\/uploads\/2023\/11\/Tip-Sheet-Wastewater.pdf\">Wastewater Renewal Tip Sheet<\/a><\/li>\n<\/ul>\n<p><strong>FICHES DE RENSEIGNEMENTS<\/strong><\/p>\n<ul>\n<li><a title=\"\" href=\"https:\/\/owwco1.garykli.com\/wp-content\/uploads\/2024\/02\/Mandatory-Renewal-Course-Fact-Sheet-2024-FR.pdf\" rel=\"noopener noreferrer\">Cours obligatoire derenouvellement du certificat de 2024\u00e0 2026<\/a><\/li>\n<\/ul>\n<p><strong>DOCUMENTS D\u2019ORIENTATION<\/strong><\/p>\n<ul>\n<li><a title=\"\" href=\"https:\/\/www.ontario.ca\/fr\/page\/guide-sur-laccreditation-des-exploitants-de-reseaux-deau-potable-et-des-analystes-de-la-qualite-de\" target=\"_blank\" rel=\"noopener noreferrer\">Guide sur l\u2019accr\u00e9ditation des exploitants de r\u00e9seaux d\u2019eau potable et des analystes de la qualit\u00e9 de l\u2019eau potable<\/a><\/li>\n<li><a href=\"https:\/\/www.ontario.ca\/page\/training-requirements-drinking-water-operators\" rel=\"noopener noreferrer\">Guide sur les exigences relatives \u00e0 la formation des exploitants de r\u00e9seaux d\u2019eau potable<\/a><\/li>\n<li><span class=\"style6\"><span class=\"style5\"><a href=\"https:\/\/owwco1.garykli.com\/wp-content\/uploads\/2023\/11\/How-to-Maintain-Your-Certification-Ltd-System-Operator_FR_apr_2015_Formatted-2026-FINAL.pdf\" rel=\"noopener noreferrer\">Comment maintenir votre certificat : Exploitants de r\u00e9seaux limit\u00e9s d\u2019eau souterraine et d\u2019eau de surface<\/a><\/span><\/span><\/li>\n<li><span class=\"style6\"><span class=\"style5\"><a title=\"\" href=\"https:\/\/owwco1.garykli.com\/wp-content\/uploads\/2023\/11\/How-to-Maintain-Your-Trained-Person-Designation-and-training-tracker_Formatted_FR-2026-FINAL.pdf\" rel=\"noopener noreferrer\">Comment Maintenir votre D\u00e9signation de Personne Form\u00e9e et Suivi de Formation<\/a><\/span><\/span><\/li>\n<li><a title=\"\" href=\"https:\/\/www.ontario.ca\/fr\/page\/guide-sur-laccrditation-des-exploitants-dinstallations-deaux-uses\" rel=\"noopener noreferrer\">Guide sur l\u2019accr\u00e9ditation des exploitants d\u2019installations d\u2019eaux us\u00e9es<\/a><\/li>\n<li><a href=\"https:\/\/owwco1.garykli.com\/wp-content\/uploads\/2023\/11\/On-the-Job-Practical-Training-Sheet.pdf\">On-the-Job Practical Training Sheet<\/a><\/li>\n<li><a href=\"https:\/\/www.ontario.ca\/fr\/document\/qualifications-necessaires-pour-exploiter-analyser-ou-echantillonner-des-reseaux-de-distribution\" rel=\"noopener noreferrer\">Qualifications n\u00e9cessaires pour exploiter, analyser ou \u00e9chantillonner des r\u00e9seaux de distribution d\u2019eau potable<\/a><\/li>\n<li><a title=\"\" href=\"https:\/\/owwco1.garykli.com\/wp-content\/uploads\/2023\/11\/Requirements-for-the-Issuance-of-DW-WQA-Temp.-Certs._FR_Update.pdf\" rel=\"noopener noreferrer\">Exigences relatives \u00e0 la d\u00e9livrance des certificats temporaires d\u2019exploitant de r\u00e9seaux d\u2019eau potable et d\u2019analyste de la qualit\u00e9 de l\u2019eau<\/a><\/li>\n<li><a title=\"\" href=\"https:\/\/owwco1.garykli.com\/wp-content\/uploads\/2023\/11\/Student-Guide-to-DW-and-WWOC_2017.pdf\">Student\u2019s Guide to Drinking Water and Wastewater Operator Certification<\/a><\/li>\n<li><a href=\"https:\/\/www.ontario.ca\/fr\/document\/manuel-de-formation-destine-aux-personnes-effectuant-des-verifications-de-fonctionnement\" rel=\"noopener noreferrer\">Manuel de formation destin\u00e9 aux personnes effectuant des v\u00e9rifications de fonctionnement<\/a><\/li>\n<li><span lang=\"EN-US\"><a href=\"https:\/\/owwco1.garykli.com\/wp-content\/uploads\/2023\/11\/wwocs_functions_for_training_providers.pdf\" rel=\"noopener noreferrer\">WWOCS Functions for Training Providers<\/a><\/span><\/li>\n<li><a title=\"\" href=\"https:\/\/www.ontario.ca\/fr\/page\/renouveler-un-certificat-dexploitant-de-reseau-limite\">Renouveler un certificat d\u2019exploitant de r\u00e9seau limit\u00e9<\/a><\/li>\n<li><a href=\"https:\/\/www.ontario.ca\/fr\/page\/exploitants-deau-potable-formation-et-accreditation#section-1\" target=\"_blank\" rel=\"noopener\" data-saferedirecturl=\"https:\/\/www.google.com\/url?q=https:\/\/www.ontario.ca\/fr\/page\/exploitants-deau-potable-formation-et-accreditation%23section-1&amp;source=gmail&amp;ust=1751146603438000&amp;usg=AOvVaw3WwPvFgxGbE_Fry_ULkRxu\">Code de d\u00e9ontologie des exploitants de r\u00e9seaux d\u2019eau potable de l\u2019Ontario<\/a><\/li>\n<\/ul>\n<p><strong>\u00c9TAPES POUR DEVENIR UN\u2026<\/strong><\/p>\n<ul>\n<li><a href=\"https:\/\/owwco1.garykli.com\/wp-content\/uploads\/2023\/11\/Steps-to-Become-a-Class-1-Drinking-Water-System-Operator.pdf\">Class 1 Drinking Water System Operator<\/a><\/li>\n<li><a href=\"https:\/\/www.ontario.ca\/fr\/page\/devenir-exploitant-dun-reseau-deau-limite\" rel=\"noopener noreferrer\">Exploitant d\u2019un r\u00e9seau limit\u00e9<\/a><\/li>\n<li><a href=\"http:\/\/www.ontario.ca\/fr\/page\/etapes-suivre-pour-devenir-une-personne-supervisee\" rel=\"noopener noreferrer\">\u00c9tapes \u00e0 suivre pour devenir une \u00ab personne supervis\u00e9e \u00bb<\/a><\/li>\n<li><a href=\"http:\/\/www.ontario.ca\/fr\/page\/etapes-suivre-pour-devenir-une-personne-qualifiee-exploitants-de-petits-reseaux-deau-potable\" rel=\"noopener noreferrer\">\u00c9tapes \u00e0 suivre pour devenir une \u00ab personne qualifi\u00e9e \u00bb<\/a><\/li>\n<\/ul>\n<p><strong>GUIDE DES SUJETS D\u2019EXAMEN D\u2019ACCR\u00c9DITATION<\/strong><\/p>\n<ul>\n<li><a href=\"https:\/\/www.gowpi.org\/services\/abc-testing\/need-to-know-criteria\/\">Water Treatment<\/a><\/li>\n<li><a href=\"https:\/\/owwco1.garykli.com\/wp-content\/uploads\/2023\/11\/Need-to-Know_Water-Distribution_English.pdf\">Water Distribution<\/a><\/li>\n<li><a href=\"https:\/\/www.gowpi.org\/services\/abc-testing\/need-to-know-criteria\/\">Water Distribution and Supply<\/a><\/li>\n<li><a href=\"https:\/\/owwco1.garykli.com\/wp-content\/uploads\/2023\/11\/Need-to-Know_Limited-Water-Subsystem.pdf\">Limited Water Subsystem<\/a><\/li>\n<li><a href=\"https:\/\/owwco1.garykli.com\/wp-content\/uploads\/2023\/11\/Need-to-Know_Water-Quality-Analyst.pdf\">Water Quality Analyst<\/a><\/li>\n<li><a href=\"https:\/\/www.gowpi.org\/services\/abc-testing\/need-to-know-criteria\/\">Wastewater Treatment<\/a><\/li>\n<li><a href=\"https:\/\/www.gowpi.org\/services\/abc-testing\/need-to-know-criteria\/\">Wastewater Collection<\/a><\/li>\n<\/ul>\n<p><strong>LIGNES DIRECTRICES<\/strong><\/p>\n<ul>\n<li><a href=\"http:\/\/www.ontario.ca\/fr\/document\/exigences-dexploitant-deau-potable-en-formation\" rel=\"noopener noreferrer\">Exigences relatives \u00e0 la formation des exploitants de r\u00e9seaux d\u2019eau potable<\/a><\/li>\n<li><a href=\"http:\/\/www.ontario.ca\/fr\/document\/12e-annee-dequivalence-pour-la-formation-et-lagrement-danalyste-de-la-qualite-de-leau\" rel=\"noopener noreferrer\">\u00c9quivalence \u00e0 la 12e ann\u00e9e<\/a><\/li>\n<li><a href=\"http:\/\/www.ontario.ca\/fr\/document\/experience-danalyste-de-la-qualite-de-leau-et-cours-approuve-par-le-directeur\" rel=\"noopener noreferrer\">Exp\u00e9rience d\u2019analyste de la qualit\u00e9 de l\u2019eau et cours approuv\u00e9 par le directeur<\/a><\/li>\n<li><a href=\"https:\/\/www.ontario.ca\/fr\/page\/experience-dexploitant-de-reseau-deau-potable\" rel=\"noopener noreferrer\">Exp\u00e9rience \u00e0 titre d\u2019exploitant de r\u00e9seaux d\u2019eau potable<\/a><\/li>\n<li><a href=\"http:\/\/www.ontario.ca\/fr\/document\/experience-en-qualite-dexploitant-de-reseaux-deau-usee\" rel=\"noopener noreferrer\">Exp\u00e9rience \u00e0 titre d\u2019exploitant d\u2019installations d\u2019eaux us\u00e9es<\/a><\/li>\n<li><a href=\"http:\/\/www.ontario.ca\/fr\/document\/ligne-directrice-certificat-dun-autre-territoire-de-competence\" rel=\"noopener noreferrer\">Reconnaissance r\u00e9ciproque de certificats obtenus dans un autre territoire de comp\u00e9tence<\/a><\/li>\n<li><a href=\"http:\/\/www.ontario.ca\/fr\/document\/reconnaissance-des-etudes-acquises-hors-du-canada-et-des-etats-unis\" rel=\"noopener noreferrer\">Reconnaissance des \u00e9tudes acquises hors du Canada et des \u00c9tats-Unis<\/a><\/li>\n<li><a title=\"\" href=\"https:\/\/owwco1.garykli.com\/accommodation\/\">Exam Accommodations<\/a><\/li>\n<li><a href=\"https:\/\/www.ontario.ca\/fr\/page\/designation-de-personne-qualifiee\" rel=\"noopener noreferrer\">D\u00e9signation de personne qualifi\u00e9e<\/a><\/li>\n<li><a href=\"http:\/\/www.ontario.ca\/fr\/document\/unites-deducation-permanente-pour-mises-jour\" rel=\"noopener noreferrer\">Unit\u00e9s d\u2019\u00e9ducation permanente pour mises \u00e0 jour<\/a><\/li>\n<li><a href=\"http:\/\/www.ontario.ca\/fr\/page\/validite-des-resultats-de-lexamen\" rel=\"noopener noreferrer\">Validit\u00e9 des r\u00e9sultats de l\u2019examen<\/a><\/li>\n<li><a href=\"https:\/\/www.ontario.ca\/fr\/page\/guide-en-matiere-deducation-permanente-approuvee-par-le-directeur-lintention-des-formatrices-et-des-formateurs\" rel=\"noopener noreferrer\">Guide en mati\u00e8re d\u2019\u00e9ducation permanente approuv\u00e9e par le directeur \u00e0 l\u2019intention des formatrices et des formateurs<\/a><\/li>\n<li><a href=\"http:\/\/www.ontario.ca\/fr\/document\/operateur-responsable-general-c-operateur-responsable\" rel=\"noopener noreferrer\">Op\u00e9rateur responsable g\u00e9n\u00e9ral c. op\u00e9rateur responsable<\/a><\/li>\n<li><a href=\"https:\/\/www.ontario.ca\/fr\/page\/obtenir-du-directeur-la-directive-dutiliser-des-operateurs-non-autorises-dans-leventualite-dune\" target=\"_blank\" rel=\"noopener noreferrer\">Obtenir du directeur la directive d\u2019utiliser des op\u00e9rateurs non autoris\u00e9s dans l\u2019\u00e9ventualit\u00e9 d\u2019une gr\u00e8ve ou d\u2019un lock-out<\/a><\/li>\n<li><a title=\"\" href=\"http:\/\/www.ontario.ca\/fr\/document\/acquisition-dexperience-pour-entrepreneurs\" rel=\"noopener noreferrer\">Tenir compte de l\u2019exp\u00e9rience des entrepreneurs<\/a><\/li>\n<li><a href=\"https:\/\/owwco1.garykli.com\/wp-content\/uploads\/2023\/11\/Guideline-6.6-Examination-Invigilation.pdf\" rel=\"noopener noreferrer\">O. Reg. 128\/04 \u2013 Surveillance d\u2019examen<\/a><\/li>\n<\/ul>\n<p>\n<\/div><\/div><\/div><\/div><\/div><\/div><\/div><!-- cell_inner --><\/div><!-- cell --><\/div><!-- port --><\/section><\/p>\n","protected":false},"excerpt":{"rendered":"","protected":false},"author":1,"featured_media":0,"parent":0,"menu_order":0,"comment_status":"closed","ping_status":"closed","template":"","meta":{"footnotes":""},"class_list":["post-4932","page","type-page","status-publish","hentry"],"_links":{"self":[{"href":"https:\/\/owwco1.garykli.com\/fr\/wp-json\/wp\/v2\/pages\/4932","targetHints":{"allow":["GET"]}}],"collection":[{"href":"https:\/\/owwco1.garykli.com\/fr\/wp-json\/wp\/v2\/pages"}],"about":[{"href":"https:\/\/owwco1.garykli.com\/fr\/wp-json\/wp\/v2\/types\/page"}],"author":[{"embeddable":true,"href":"https:\/\/owwco1.garykli.com\/fr\/wp-json\/wp\/v2\/users\/1"}],"replies":[{"embeddable":true,"href":"https:\/\/owwco1.garykli.com\/fr\/wp-json\/wp\/v2\/comments?post=4932"}],"version-history":[{"count":13,"href":"https:\/\/owwco1.garykli.com\/fr\/wp-json\/wp\/v2\/pages\/4932\/revisions"}],"predecessor-version":[{"id":5864,"href":"https:\/\/owwco1.garykli.com\/fr\/wp-json\/wp\/v2\/pages\/4932\/revisions\/5864"}],"wp:attachment":[{"href":"https:\/\/owwco1.garykli.com\/fr\/wp-json\/wp\/v2\/media?parent=4932"}],"curies":[{"name":"wp","href":"https:\/\/api.w.org\/{rel}","templated":true}]}}