{"id":5281,"date":"2023-09-18T22:21:03","date_gmt":"2023-09-18T22:21:03","guid":{"rendered":"https:\/\/owwco1.garykli.com\/exam-schedule\/"},"modified":"2023-11-20T21:33:17","modified_gmt":"2023-11-20T21:33:17","slug":"calendrier-des-examens","status":"publish","type":"page","link":"https:\/\/owwco1.garykli.com\/fr\/calendrier-des-examens\/","title":{"rendered":"Calendrier des examens"},"content":{"rendered":"<p><section data-bb-version=\"4.6.1\" id=\"bt_bb_section69e7435ed0f65\" class=\"bt_bb_section bt_bb_color_scheme_1 bt_bb_layout_boxed_1200 bt_bb_vertical_align_top bt_bb_background_overlay_dark_solid bt_bb_top_spacing_medium bt_bb_bottom_spacing_medium\" style=\"; --section-primary-color:#ffffff; --section-secondary-color:#191919;\" data-bt-override-class=\"{&quot;bt_bb_top_spacing_&quot;:{&quot;current_class&quot;:&quot;bt_bb_top_spacing_medium&quot;,&quot;def&quot;:&quot;medium&quot;},&quot;bt_bb_bottom_spacing_&quot;:{&quot;current_class&quot;:&quot;bt_bb_bottom_spacing_medium&quot;,&quot;def&quot;:&quot;medium&quot;}}\"><div class=\"bt_bb_background_image_holder_wrapper\"><div class=\"bt_bb_background_image_holder btLazyLoadBackground\"  data-background_image_src=\"https:\/\/owwco1.garykli.com\/wp-content\/uploads\/2023\/09\/shutterstock_2074910a.jpg\" data-parallax-zoom-start=\"1\" data-parallax-zoom-end=\"1\" data-parallax-blur-start=\"0\" data-parallax-blur-end=\"0\" data-parallax-opacity-start=\"1\" data-parallax-opacity-end=\"1\" style=\" background-image: url(&#039;https:\/\/owwco1.garykli.com\/wp-content\/plugins\/bold-page-builder\/img\/blank.gif&#039;);\"><\/div><\/div><div class=\"bt_bb_port\"><div class=\"bt_bb_cell\"><div class=\"bt_bb_cell_inner\"><div class=\"bt_bb_row \"  data-bt-override-class=\"{}\"><div class=\"bt_bb_row_holder\" ><div  class=\"bt_bb_column col-xxl-3 col-xl-3 bt_bb_vertical_align_top bt_bb_align_left bt_bb_padding_normal\" style=\"; --column-width:3;\" data-width=\"3\" data-bt-override-class=\"{}\"><div class=\"bt_bb_column_content\"><div class=\"bt_bb_column_content_inner\"><\/div><\/div><\/div><div  class=\"bt_bb_column col-xxl-6 col-xl-6 bt_bb_vertical_align_middle bt_bb_align_center bt_bb_padding_normal bt_bb_animation_fade_in animate\" style=\"; --column-width:6;\" data-width=\"6\" data-bt-override-class=\"{}\"><div class=\"bt_bb_column_content\"><div class=\"bt_bb_column_content_inner\"><div class=\"bt_bb_separator bt_bb_border_style_none bt_bb_border_color_none bt_bb_bottom_spacing_medium\" data-bt-override-class=\"null\"><\/div><header data-bb-version=\"4.6.1\" class=\"bt_bb_headline bt_bb_dash_none bt_bb_size_large bt_bb_align_inherit\" data-bt-override-class=\"{&quot;bt_bb_size_&quot;:{&quot;current_class&quot;:&quot;bt_bb_size_large&quot;,&quot;def&quot;:&quot;large&quot;},&quot;bt_bb_align_&quot;:{&quot;current_class&quot;:&quot;bt_bb_align_inherit&quot;,&quot;def&quot;:&quot;inherit&quot;}}\"><h1 class=\"bt_bb_headline_tag\"><span class=\"bt_bb_headline_content\"><span>Calendrier des examens<\/span><\/span><\/h1><\/header><\/div><\/div><\/div><div  class=\"bt_bb_column col-xxl-3 col-xl-3 bt_bb_vertical_align_top bt_bb_align_left bt_bb_padding_normal\" style=\"; --column-width:3;\" data-width=\"3\" data-bt-override-class=\"{}\"><div class=\"bt_bb_column_content\"><div class=\"bt_bb_column_content_inner\"><\/div><\/div><\/div><\/div><\/div><\/div><!-- cell_inner --><\/div><!-- cell --><\/div><!-- port --><\/section><section data-bb-version=\"4.6.1\" id=\"bt_bb_section69e7435ed15c7\" class=\"bt_bb_section bt_bb_color_scheme_2 bt_bb_layout_boxed_1200 bt_bb_vertical_align_top bt_bb_top_spacing_medium bt_bb_bottom_spacing_large\" style=\"; --section-primary-color:#191919; --section-secondary-color:#ffffff;\" data-bt-override-class=\"{&quot;bt_bb_top_spacing_&quot;:{&quot;current_class&quot;:&quot;bt_bb_top_spacing_medium&quot;,&quot;def&quot;:&quot;medium&quot;},&quot;bt_bb_bottom_spacing_&quot;:{&quot;current_class&quot;:&quot;bt_bb_bottom_spacing_large&quot;,&quot;def&quot;:&quot;large&quot;}}\"><div class=\"bt_bb_port\"><div class=\"bt_bb_cell\"><div class=\"bt_bb_cell_inner\"><div class=\"bt_bb_row \"  data-bt-override-class=\"{}\"><div class=\"bt_bb_row_holder\" ><div data-bb-version=\"4.6.1\"  class=\"bt_bb_column col-xxl-12 col-xl-12 col-xs-12 col-sm-12 col-md-12 col-lg-12 bt_bb_vertical_align_top bt_bb_align_left bt_bb_padding_normal\" style=\"; --column-width:12;\" data-width=\"12\" data-bt-override-class=\"{}\"><div class=\"bt_bb_column_content\"><div class=\"bt_bb_column_content_inner\"><div data-bb-version=\"4.6.1\"  class=\"bt_bb_text\" ><\/p>\n<p style=\"font-weight: 400;\">Pour passer un examen, vous devez remplir certaines conditions et soumettre un formulaire d&rsquo;inscription \u00e0 l&rsquo;examen. Pour obtenir des informations sur les exigences et le processus d&rsquo;examen, y compris les formulaires, les frais et la politique d&rsquo;annulation, visitez notre page sur la\u00a0<a href=\"https:\/\/owwco1.garykli.com\/fr\/exploitants\/#writingexam\" data-saferedirecturl=\"https:\/\/www.google.com\/url?q=https:\/\/owwco1.garykli.com\/writing-an-examination\/&amp;source=gmail&amp;ust=1700411419698000&amp;usg=AOvVaw3EAiMlW73BKY3mgcp2L4cj\">r\u00e9daction d&rsquo;un examen<\/a>.<\/p>\n<p style=\"font-weight: 400;\">Une fois que vous \u00eates familiaris\u00e9 avec les exigences pour passer un examen, veuillez remplir le formulaire d&rsquo;inscription \u00e0 l&rsquo;examen en indiquant le type d&rsquo;examen que vous souhaitez passer, ainsi que la date et le lieu de l&rsquo;examen souhait\u00e9s \u00e0 partir de la liste compl\u00e8te des dates d&rsquo;examen ci-dessous.<\/p>\n<p style=\"font-weight: 400;\">Veuillez noter que les places d&rsquo;examen sont limit\u00e9es et les demandes sont trait\u00e9es selon le principe du premier arriv\u00e9, premier servi.<\/p>\n<p style=\"font-weight: 400;\">Des manuels d&rsquo;\u00e9tude peuvent \u00eatre command\u00e9s via\u00a0<a href=\"https:\/\/bookstore.owwco.ca\/fr\/shop-fr\/\" data-saferedirecturl=\"https:\/\/www.google.com\/url?q=https:\/\/bookstore.owwco.ca\/&amp;source=gmail&amp;ust=1700411419698000&amp;usg=AOvVaw1Q5uujR-ONSzg9t4BtGB_N\">la librairie du Guide d&rsquo;\u00e9tude pour les examens de l&rsquo;OWWCO<\/a>.<\/p>\n<p style=\"font-weight: 400;\"><strong>* Indique une seule session d&rsquo;examen &#8211; une seule personne peut passer un seul examen \u00e0 cette date.<\/strong><\/p>\n<p>\n<\/div><div data-bb-version=\"4.6.1\" class=\"bt_bb_separator bt_bb_border_style_none bt_bb_border_color_none bt_bb_top_spacing_normal bt_bb_bottom_spacing_normal\" data-bt-override-class=\"{&quot;bt_bb_top_spacing_&quot;:{&quot;current_class&quot;:&quot;bt_bb_top_spacing_normal&quot;,&quot;def&quot;:&quot;normal&quot;},&quot;bt_bb_bottom_spacing_&quot;:{&quot;current_class&quot;:&quot;bt_bb_bottom_spacing_normal&quot;,&quot;def&quot;:&quot;normal&quot;}}\"><\/div><div data-bb-version=\"4.6.1\"  class=\"bt_bb_text\" ><\/p>\n<h3>Calendrier complet<\/h3>\n<div id=\"footable_parent_3681\"\n         class=\" footable_parent ninja_table_wrapper loading_ninja_table wp_table_data_press_parent semantic_ui \"><\/p>\n<table data-ninja_table_instance=\"ninja_table_instance_0\" data-footable_id=\"3681\" data-filter-delay=\"1000\" aria-label=\"Full Exam Schedule\"            id=\"footable_3681\"\n           data-unique_identifier=\"ninja_table_unique_id_2869991478_3681\"\n           class=\" foo-table ninja_footable foo_table_3681 ninja_table_unique_id_2869991478_3681 ui table  nt_type_ajax_table selectable striped compact vertical_centered  footable-paging-right ninja_table_pro ninja_table_afd_columns ninja_table_afcs_columns_2 ninja_table_afcl_new_line ninja_table_has_custom_filter\"><\/p>\n<colgroup>\n<col class=\"ninja_column_0 hidden\">\n<col class=\"ninja_column_1 \">\n<col class=\"ninja_column_2 \">\n<col class=\"ninja_column_3 \">\n<col class=\"ninja_column_4 \">\n<col class=\"ninja_column_5 \">\n<col class=\"ninja_column_6 \">\n                    <\/colgroup>\n<\/table>\n<\/div>\n<p>\n<\/div><\/div><\/div><\/div><\/div><\/div><\/div><!-- cell_inner --><\/div><!-- cell --><\/div><!-- port --><\/section><\/p>\n","protected":false},"excerpt":{"rendered":"","protected":false},"author":1,"featured_media":0,"parent":0,"menu_order":0,"comment_status":"closed","ping_status":"closed","template":"","meta":{"footnotes":""},"class_list":["post-5281","page","type-page","status-publish","hentry"],"_links":{"self":[{"href":"https:\/\/owwco1.garykli.com\/fr\/wp-json\/wp\/v2\/pages\/5281","targetHints":{"allow":["GET"]}}],"collection":[{"href":"https:\/\/owwco1.garykli.com\/fr\/wp-json\/wp\/v2\/pages"}],"about":[{"href":"https:\/\/owwco1.garykli.com\/fr\/wp-json\/wp\/v2\/types\/page"}],"author":[{"embeddable":true,"href":"https:\/\/owwco1.garykli.com\/fr\/wp-json\/wp\/v2\/users\/1"}],"replies":[{"embeddable":true,"href":"https:\/\/owwco1.garykli.com\/fr\/wp-json\/wp\/v2\/comments?post=5281"}],"version-history":[{"count":2,"href":"https:\/\/owwco1.garykli.com\/fr\/wp-json\/wp\/v2\/pages\/5281\/revisions"}],"predecessor-version":[{"id":5283,"href":"https:\/\/owwco1.garykli.com\/fr\/wp-json\/wp\/v2\/pages\/5281\/revisions\/5283"}],"wp:attachment":[{"href":"https:\/\/owwco1.garykli.com\/fr\/wp-json\/wp\/v2\/media?parent=5281"}],"curies":[{"name":"wp","href":"https:\/\/api.w.org\/{rel}","templated":true}]}}