{"id":5290,"date":"2023-10-24T18:54:33","date_gmt":"2023-10-24T18:54:33","guid":{"rendered":"https:\/\/owwco1.garykli.com\/the-mandatory-entry-level-course\/"},"modified":"2023-11-20T22:06:30","modified_gmt":"2023-11-20T22:06:30","slug":"cours-de-base-a-lintention-des-apprentis-exploitants","status":"publish","type":"page","link":"https:\/\/owwco1.garykli.com\/fr\/cours-de-base-a-lintention-des-apprentis-exploitants\/","title":{"rendered":"Cours de base \u00e0 l\u2019intention des apprentis-exploitants"},"content":{"rendered":"<p><section data-bb-version=\"4.6.1\" id=\"bt_bb_section69e014a8a7433\" class=\"bt_bb_section bt_bb_color_scheme_1 bt_bb_layout_boxed_1200 bt_bb_vertical_align_top bt_bb_background_overlay_dark_solid bt_bb_top_spacing_medium bt_bb_bottom_spacing_medium\" style=\"; --section-primary-color:#ffffff; --section-secondary-color:#191919;\" data-bt-override-class=\"{&quot;bt_bb_top_spacing_&quot;:{&quot;current_class&quot;:&quot;bt_bb_top_spacing_medium&quot;,&quot;def&quot;:&quot;medium&quot;},&quot;bt_bb_bottom_spacing_&quot;:{&quot;current_class&quot;:&quot;bt_bb_bottom_spacing_medium&quot;,&quot;def&quot;:&quot;medium&quot;}}\"><div class=\"bt_bb_background_image_holder_wrapper\"><div class=\"bt_bb_background_image_holder btLazyLoadBackground\"  data-background_image_src=\"https:\/\/owwco1.garykli.com\/wp-content\/uploads\/2023\/09\/shutterstock_116229136.jpg\" data-parallax-zoom-start=\"1\" data-parallax-zoom-end=\"1\" data-parallax-blur-start=\"0\" data-parallax-blur-end=\"0\" data-parallax-opacity-start=\"1\" data-parallax-opacity-end=\"1\" style=\" background-image: url(&#039;https:\/\/owwco1.garykli.com\/wp-content\/plugins\/bold-page-builder\/img\/blank.gif&#039;);\"><\/div><\/div><div class=\"bt_bb_port\"><div class=\"bt_bb_cell\"><div class=\"bt_bb_cell_inner\"><div class=\"bt_bb_row \"  data-bt-override-class=\"{}\"><div class=\"bt_bb_row_holder\" ><div  class=\"bt_bb_column col-xxl-3 col-xl-3 bt_bb_vertical_align_top bt_bb_align_left bt_bb_padding_normal\" style=\"; --column-width:3;\" data-width=\"3\" data-bt-override-class=\"{}\"><div class=\"bt_bb_column_content\"><div class=\"bt_bb_column_content_inner\"><\/div><\/div><\/div><div  class=\"bt_bb_column col-xxl-6 col-xl-6 bt_bb_vertical_align_middle bt_bb_align_center bt_bb_padding_normal bt_bb_animation_fade_in animate\" style=\"; --column-width:6;\" data-width=\"6\" data-bt-override-class=\"{}\"><div class=\"bt_bb_column_content\"><div class=\"bt_bb_column_content_inner\"><div class=\"bt_bb_separator bt_bb_border_style_none bt_bb_border_color_none bt_bb_bottom_spacing_medium\" data-bt-override-class=\"null\"><\/div><header data-bb-version=\"4.6.1\" class=\"bt_bb_headline bt_bb_dash_none bt_bb_size_large bt_bb_align_inherit\" data-bt-override-class=\"{&quot;bt_bb_size_&quot;:{&quot;current_class&quot;:&quot;bt_bb_size_large&quot;,&quot;def&quot;:&quot;large&quot;},&quot;bt_bb_align_&quot;:{&quot;current_class&quot;:&quot;bt_bb_align_inherit&quot;,&quot;def&quot;:&quot;inherit&quot;}}\"><h1 class=\"bt_bb_headline_tag\"><span class=\"bt_bb_headline_content\"><span>Cours de base \u00e0 l\u2019intention des apprentis-exploitants<\/span><\/span><\/h1><\/header><\/div><\/div><\/div><div  class=\"bt_bb_column col-xxl-3 col-xl-3 bt_bb_vertical_align_top bt_bb_align_left bt_bb_padding_normal\" style=\"; --column-width:3;\" data-width=\"3\" data-bt-override-class=\"{}\"><div class=\"bt_bb_column_content\"><div class=\"bt_bb_column_content_inner\"><\/div><\/div><\/div><\/div><\/div><\/div><!-- cell_inner --><\/div><!-- cell --><\/div><!-- port --><\/section><section data-bb-version=\"4.6.1\" id=\"bt_bb_section69e014a8a7b86\" class=\"bt_bb_section bt_bb_color_scheme_2 bt_bb_layout_boxed_1200 bt_bb_vertical_align_top bt_bb_top_spacing_medium bt_bb_bottom_spacing_large\" style=\"; --section-primary-color:#191919; --section-secondary-color:#ffffff;\" data-bt-override-class=\"{&quot;bt_bb_top_spacing_&quot;:{&quot;current_class&quot;:&quot;bt_bb_top_spacing_medium&quot;,&quot;def&quot;:&quot;medium&quot;},&quot;bt_bb_bottom_spacing_&quot;:{&quot;current_class&quot;:&quot;bt_bb_bottom_spacing_large&quot;,&quot;def&quot;:&quot;large&quot;}}\"><div class=\"bt_bb_port\"><div class=\"bt_bb_cell\"><div class=\"bt_bb_cell_inner\"><div class=\"bt_bb_row \"  data-bt-override-class=\"{}\"><div class=\"bt_bb_row_holder\" ><div data-bb-version=\"4.6.1\"  class=\"bt_bb_column col-xxl-12 col-xl-12 col-xs-12 col-sm-12 col-md-12 col-lg-12 bt_bb_vertical_align_top bt_bb_align_left bt_bb_padding_normal\" style=\"; --column-width:12;\" data-width=\"12\" data-bt-override-class=\"{}\"><div class=\"bt_bb_column_content\"><div class=\"bt_bb_column_content_inner\"><div data-bb-version=\"4.6.1\"  class=\"bt_bb_text\" ><\/p>\n<p>Le cours de niveau d\u2019entr\u00e9e de l\u2019exploitant d\u2019eau potable est un cours obligatoire cr\u00e9\u00e9 par le minist\u00e8re pour tous les exploitants d\u2019eau potable. Il faut avoir suivi ce cours pour renouveler le certificat d\u2019exploitant d\u2019eau potable en formation ou pour obtenir un certificat d\u2019exploitant d\u2019eau potable de classe 1.\u00a0Le certificat de r\u00e9ussite du cours de base est valide pour 10\u00a0ans. Si 10\u00a0ans se sont \u00e9coul\u00e9s depuis votre obtention du certificat, il se peut que vous ayez \u00e0 suivre de nouveau le cours de base.<\/p>\n<p>Ce cours fournit aux nouveaux exploitants d\u2019eau potable des connaissances de base sur les caract\u00e9ristiques de l\u2019eau, les pathog\u00e8nes, le traitement et la distribution de l\u2019eau, ainsi que les r\u00e8glements r\u00e9gissant la qualit\u00e9 de l\u2019eau. Il vise \u00e0 compl\u00e9ter la formation que les exploitants en formation re\u00e7oivent de leur employeur sur le lieu de travail.<\/p>\n<p>\n<\/div><div data-bb-version=\"4.6.1\" class=\"bt_bb_separator bt_bb_border_style_none bt_bb_border_color_none bt_bb_top_spacing_none bt_bb_bottom_spacing_small\" data-bt-override-class=\"{&quot;bt_bb_top_spacing_&quot;:{&quot;current_class&quot;:&quot;bt_bb_top_spacing_none&quot;,&quot;def&quot;:&quot;none&quot;},&quot;bt_bb_bottom_spacing_&quot;:{&quot;current_class&quot;:&quot;bt_bb_bottom_spacing_small&quot;,&quot;def&quot;:&quot;small&quot;}}\"><\/div><div data-bb-version=\"4.6.1\"  class=\"bt_bb_text\" ><\/p>\n<h5>Aper\u00e7u du cours de base<\/h5>\n<p>Le cours de base \u00e0 l\u2019intention des apprentis-exploitants comprend deux parties :<\/p>\n<ul>\n<li>Autoformation \u2013 environ 40 heures<\/li>\n<li>Formation en classe \u2013 cinq jours<\/li>\n<\/ul>\n<p>Dans la premi\u00e8re \u00e9tape du\u00a0<em>Cours de base,\u00a0<\/em>l\u2019exploitant en formation doit suivre le volet d\u2019\u00e9tudes autonomes et passer un examen sur le contenu de ce volet. Une fois l\u2019examen r\u00e9ussi, l\u2019exploitant en formation peut assister \u00e0 la formation en classe, laquelle se termine aussi par un examen. Les exploitants en formation doivent r\u00e9ussir le cours de base pour renouveler leur certificat d\u2019exploitant d\u2019eau potable en formation (une fois seulement) ou demander le certificat d\u2019exploitant d\u2019eau potable de classe 1.<\/p>\n<p>Le cours de base \u00e0 l\u2019intention des apprentis-exploitants couvre les sujets suivants :<\/p>\n<ul>\n<li>Protection de la sant\u00e9 publique<\/li>\n<li>R\u00e8glements qui r\u00e9gissent la qualit\u00e9 de l\u2019eau<\/li>\n<li>Math\u00e9matiques et dessins li\u00e9s \u00e0 l\u2019eau<\/li>\n<li>Caract\u00e9ristiques de l\u2019eau et sources d\u2019eau<\/li>\n<li>D\u00e9sinfection<\/li>\n<li>Traitement<\/li>\n<li>\u00c9chantillonnage<\/li>\n<li>\u00c9quipement<\/li>\n<li>Exploitants de puits<\/li>\n<li>Distribution<\/li>\n<li>S\u00e9curit\u00e9<\/li>\n<\/ul>\n<p>Le cours est offert par le Centre Walkerton pour l\u2019assainissement de l\u2019eau \u00e0 toute personne qui convoite une carri\u00e8re dans le secteur de l\u2019eau potable. Pour de plus amples renseignements, veuillez communiquer avec le Centre Walkerton pour l\u2019assainissement de l\u2019eau \u00e0 1-866-515-0550 ou visiter son site Internet \u00e0\u00a0:\u00a0<a href=\"http:\/\/www.wcwc.ca\/\">www.wcwc.ca<\/a><\/p>\n<p>Le cours de base fait \u00e9galement partie du curriculum de certains programmes environnementaux offerts par plusieurs coll\u00e8ges de l\u2019Ontario. Les \u00e9tudiants qui ont r\u00e9ussi ces programmes ne sont pas tenus de suivre le cours de base offert par le Centre Walkerton. Pour consulter une liste des coll\u00e8ges offrant le cours de base dans le cadre de leur programme environnemental, veuillez visite\u00a0:\u00a0<a href=\"https:\/\/www.wcwc.ca\/en\/training\/entry-level\/\">https:\/\/www.wcwc.ca\/en\/training\/entry-level\/<\/a><\/p>\n<p>\n<\/div><\/div><\/div><\/div><\/div><\/div><\/div><!-- cell_inner --><\/div><!-- cell --><\/div><!-- port --><\/section><\/p>\n","protected":false},"excerpt":{"rendered":"","protected":false},"author":1,"featured_media":0,"parent":0,"menu_order":0,"comment_status":"closed","ping_status":"closed","template":"","meta":{"footnotes":""},"class_list":["post-5290","page","type-page","status-publish","hentry"],"_links":{"self":[{"href":"https:\/\/owwco1.garykli.com\/fr\/wp-json\/wp\/v2\/pages\/5290","targetHints":{"allow":["GET"]}}],"collection":[{"href":"https:\/\/owwco1.garykli.com\/fr\/wp-json\/wp\/v2\/pages"}],"about":[{"href":"https:\/\/owwco1.garykli.com\/fr\/wp-json\/wp\/v2\/types\/page"}],"author":[{"embeddable":true,"href":"https:\/\/owwco1.garykli.com\/fr\/wp-json\/wp\/v2\/users\/1"}],"replies":[{"embeddable":true,"href":"https:\/\/owwco1.garykli.com\/fr\/wp-json\/wp\/v2\/comments?post=5290"}],"version-history":[{"count":2,"href":"https:\/\/owwco1.garykli.com\/fr\/wp-json\/wp\/v2\/pages\/5290\/revisions"}],"predecessor-version":[{"id":5292,"href":"https:\/\/owwco1.garykli.com\/fr\/wp-json\/wp\/v2\/pages\/5290\/revisions\/5292"}],"wp:attachment":[{"href":"https:\/\/owwco1.garykli.com\/fr\/wp-json\/wp\/v2\/media?parent=5290"}],"curies":[{"name":"wp","href":"https:\/\/api.w.org\/{rel}","templated":true}]}}