{"id":5310,"date":"2023-11-08T04:45:31","date_gmt":"2023-11-08T04:45:31","guid":{"rendered":"https:\/\/owwco1.garykli.com\/wwocs-account\/"},"modified":"2023-11-20T22:34:49","modified_gmt":"2023-11-20T22:34:49","slug":"compte-etabli-aupres-du-saoiee","status":"publish","type":"page","link":"https:\/\/owwco1.garykli.com\/fr\/compte-etabli-aupres-du-saoiee\/","title":{"rendered":"Compte \u00e9tabli aupr\u00e8s du SAOIEE (Syst\u00e8me d\u2019accr\u00e9ditation des op\u00e9rateurs d\u2019installations d\u2019eau et d\u2019eaux us\u00e9es)"},"content":{"rendered":"<p><section data-bb-version=\"4.6.1\" id=\"bt_bb_section69e225ac1a733\" class=\"bt_bb_section bt_bb_color_scheme_1 bt_bb_layout_boxed_1200 bt_bb_vertical_align_top bt_bb_background_overlay_dark_solid bt_bb_top_spacing_medium bt_bb_bottom_spacing_medium\" style=\"; --section-primary-color:#ffffff; --section-secondary-color:#191919;\" data-bt-override-class=\"{&quot;bt_bb_top_spacing_&quot;:{&quot;current_class&quot;:&quot;bt_bb_top_spacing_medium&quot;,&quot;def&quot;:&quot;medium&quot;},&quot;bt_bb_bottom_spacing_&quot;:{&quot;current_class&quot;:&quot;bt_bb_bottom_spacing_medium&quot;,&quot;def&quot;:&quot;medium&quot;}}\"><div class=\"bt_bb_background_image_holder_wrapper\"><div class=\"bt_bb_background_image_holder btLazyLoadBackground\"  data-background_image_src=\"https:\/\/owwco1.garykli.com\/wp-content\/uploads\/2023\/09\/shutterstock_116229136.jpg\" data-parallax-zoom-start=\"1\" data-parallax-zoom-end=\"1\" data-parallax-blur-start=\"0\" data-parallax-blur-end=\"0\" data-parallax-opacity-start=\"1\" data-parallax-opacity-end=\"1\" style=\" background-image: url(&#039;https:\/\/owwco1.garykli.com\/wp-content\/plugins\/bold-page-builder\/img\/blank.gif&#039;);\"><\/div><\/div><div class=\"bt_bb_port\"><div class=\"bt_bb_cell\"><div class=\"bt_bb_cell_inner\"><div class=\"bt_bb_row \"  data-bt-override-class=\"{}\"><div class=\"bt_bb_row_holder\" ><div  class=\"bt_bb_column col-xxl-3 col-xl-3 bt_bb_vertical_align_top bt_bb_align_left bt_bb_padding_normal\" style=\"; --column-width:3;\" data-width=\"3\" data-bt-override-class=\"{}\"><div class=\"bt_bb_column_content\"><div class=\"bt_bb_column_content_inner\"><\/div><\/div><\/div><div  class=\"bt_bb_column col-xxl-6 col-xl-6 bt_bb_vertical_align_middle bt_bb_align_center bt_bb_padding_normal bt_bb_animation_fade_in animate\" style=\"; --column-width:6;\" data-width=\"6\" data-bt-override-class=\"{}\"><div class=\"bt_bb_column_content\"><div class=\"bt_bb_column_content_inner\"><div class=\"bt_bb_separator bt_bb_border_style_none bt_bb_border_color_none bt_bb_bottom_spacing_medium\" data-bt-override-class=\"null\"><\/div><header data-bb-version=\"4.6.1\" class=\"bt_bb_headline bt_bb_dash_none bt_bb_size_large bt_bb_align_inherit\" data-bt-override-class=\"{&quot;bt_bb_size_&quot;:{&quot;current_class&quot;:&quot;bt_bb_size_large&quot;,&quot;def&quot;:&quot;large&quot;},&quot;bt_bb_align_&quot;:{&quot;current_class&quot;:&quot;bt_bb_align_inherit&quot;,&quot;def&quot;:&quot;inherit&quot;}}\"><h1 class=\"bt_bb_headline_tag\"><span class=\"bt_bb_headline_content\"><span>Compte \u00e9tabli aupr\u00e8s du SAOIEE (Syst\u00e8me d\u2019accr\u00e9ditation des op\u00e9rateurs d\u2019installations d\u2019eau et d\u2019eaux us\u00e9es)<\/span><\/span><\/h1><\/header><\/div><\/div><\/div><div  class=\"bt_bb_column col-xxl-3 col-xl-3 bt_bb_vertical_align_top bt_bb_align_left bt_bb_padding_normal\" style=\"; --column-width:3;\" data-width=\"3\" data-bt-override-class=\"{}\"><div class=\"bt_bb_column_content\"><div class=\"bt_bb_column_content_inner\"><\/div><\/div><\/div><\/div><\/div><\/div><!-- cell_inner --><\/div><!-- cell --><\/div><!-- port --><\/section><section data-bb-version=\"4.6.1\" id=\"bt_bb_section69e225ac1afb1\" class=\"bt_bb_section bt_bb_color_scheme_2 bt_bb_layout_boxed_1200 bt_bb_vertical_align_top bt_bb_top_spacing_medium bt_bb_bottom_spacing_large\" style=\"; --section-primary-color:#191919; --section-secondary-color:#ffffff;\" data-bt-override-class=\"{&quot;bt_bb_top_spacing_&quot;:{&quot;current_class&quot;:&quot;bt_bb_top_spacing_medium&quot;,&quot;def&quot;:&quot;medium&quot;},&quot;bt_bb_bottom_spacing_&quot;:{&quot;current_class&quot;:&quot;bt_bb_bottom_spacing_large&quot;,&quot;def&quot;:&quot;large&quot;}}\"><div class=\"bt_bb_port\"><div class=\"bt_bb_cell\"><div class=\"bt_bb_cell_inner\"><div class=\"bt_bb_row \"  data-bt-override-class=\"{}\"><div class=\"bt_bb_row_holder\" ><div data-bb-version=\"4.6.1\"  class=\"bt_bb_column col-xxl-12 col-xl-12 col-xs-12 col-sm-12 col-md-12 col-lg-12 bt_bb_vertical_align_top bt_bb_align_left bt_bb_padding_normal\" style=\"; --column-width:12;\" data-width=\"12\" data-bt-override-class=\"{}\"><div class=\"bt_bb_column_content\"><div class=\"bt_bb_column_content_inner\"><div data-bb-version=\"4.6.1\"  class=\"bt_bb_text\" ><\/p>\n<p>Le Syst\u00e8me d\u2019accr\u00e9ditation des exploitants d\u2019installations d\u2019eau et d\u2019eaux us\u00e9es (SAEIEE) est un syst\u00e8me en ligne permettant aux exploitants de ces installations d\u2019obtenir des renseignements sur leur accr\u00e9ditation et la d\u00e9livrance de leur permis. Gr\u00e2ce au SAEIEE, les exploitants peuvent \u00e9galement mettre \u00e0 jour leur adresse et leurs coordonn\u00e9es. Les donn\u00e9es de leur profil sont confidentielles et seuls eux-m\u00eames, l\u2019administrateur du programme d\u2019accr\u00e9ditation et le minist\u00e8re de l\u2019Environnement, de la Protection de la nature et des Parcs (MEPP) peuvent y acc\u00e9der.<\/p>\n<p>Pour obtenir le nom d\u2019utilisateur et le mot de passe requis pour acc\u00e9der au SAEIEE, veuillez remplir et soumettre le formulaire ci-dessous.<\/p>\n<p>Vous trouverez ci-dessous le guide des utilisateurs du SAEIEE, qui aidera les formateurs \u00e0 utiliser ce syst\u00e8me.<\/p>\n<table width=\"504\">\n<tbody>\n<tr>\n<td width=\"504\"><strong>Formateurs<\/strong><\/td>\n<\/tr>\n<tr>\n<td width=\"504\"><a href=\"https:\/\/owwco1.garykli.com\/wp-content\/uploads\/2023\/11\/wwocs_functions_for_training_providers.pdf\" rel=\"noopener\">Fonctions du SAOIEE \u00e0 l\u2019intention des formateurs<\/a><\/td>\n<\/tr>\n<tr>\n<td width=\"504\"><a href=\"https:\/\/forms.mgcs.gov.on.ca\/en\/dataset\/012-2133\">Demande d\u2019acc\u00e8s utilisateur \u2014 Syst\u00e8me d\u2019accr\u00e9ditation des exploitants d\u2019installations d\u2019eau et d\u2019eaux us\u00e9es<\/a><\/td>\n<\/tr>\n<tr>\n<td width=\"504\"><a href=\"https:\/\/www.lrcsde.lrc.gov.on.ca\/wwocs_web\/\">Ouverture de session sur le site Internet du SAOIEE<\/a><\/td>\n<\/tr>\n<tr>\n<td width=\"504\"><a href=\"https:\/\/owwco1.garykli.com\/fr\/rapport-sur-la-liste-des-exploitants\/\">Les NI d\u2019exploitant aupr\u00e8s du SAOIEE<\/a><\/td>\n<\/tr>\n<\/tbody>\n<\/table>\n<p>\n<\/div><\/div><\/div><\/div><\/div><\/div><\/div><!-- cell_inner --><\/div><!-- cell --><\/div><!-- port --><\/section><\/p>\n","protected":false},"excerpt":{"rendered":"","protected":false},"author":1,"featured_media":0,"parent":0,"menu_order":0,"comment_status":"closed","ping_status":"closed","template":"","meta":{"footnotes":""},"class_list":["post-5310","page","type-page","status-publish","hentry"],"_links":{"self":[{"href":"https:\/\/owwco1.garykli.com\/fr\/wp-json\/wp\/v2\/pages\/5310","targetHints":{"allow":["GET"]}}],"collection":[{"href":"https:\/\/owwco1.garykli.com\/fr\/wp-json\/wp\/v2\/pages"}],"about":[{"href":"https:\/\/owwco1.garykli.com\/fr\/wp-json\/wp\/v2\/types\/page"}],"author":[{"embeddable":true,"href":"https:\/\/owwco1.garykli.com\/fr\/wp-json\/wp\/v2\/users\/1"}],"replies":[{"embeddable":true,"href":"https:\/\/owwco1.garykli.com\/fr\/wp-json\/wp\/v2\/comments?post=5310"}],"version-history":[{"count":2,"href":"https:\/\/owwco1.garykli.com\/fr\/wp-json\/wp\/v2\/pages\/5310\/revisions"}],"predecessor-version":[{"id":5312,"href":"https:\/\/owwco1.garykli.com\/fr\/wp-json\/wp\/v2\/pages\/5310\/revisions\/5312"}],"wp:attachment":[{"href":"https:\/\/owwco1.garykli.com\/fr\/wp-json\/wp\/v2\/media?parent=5310"}],"curies":[{"name":"wp","href":"https:\/\/api.w.org\/{rel}","templated":true}]}}