{"id":5322,"date":"2023-09-19T18:44:09","date_gmt":"2023-09-19T18:44:09","guid":{"rendered":"https:\/\/owwco1.garykli.com\/fees\/"},"modified":"2023-11-20T22:50:14","modified_gmt":"2023-11-20T22:50:14","slug":"frais","status":"publish","type":"page","link":"https:\/\/owwco1.garykli.com\/fr\/frais\/","title":{"rendered":"Frais"},"content":{"rendered":"<p><section data-bb-version=\"4.6.1\" id=\"bt_bb_section69dffa14a47c0\" class=\"bt_bb_section bt_bb_color_scheme_1 bt_bb_layout_boxed_1200 bt_bb_vertical_align_top bt_bb_background_overlay_dark_solid bt_bb_top_spacing_medium bt_bb_bottom_spacing_medium\" style=\"; --section-primary-color:#ffffff; --section-secondary-color:#191919;\" data-bt-override-class=\"{&quot;bt_bb_top_spacing_&quot;:{&quot;current_class&quot;:&quot;bt_bb_top_spacing_medium&quot;,&quot;def&quot;:&quot;medium&quot;},&quot;bt_bb_bottom_spacing_&quot;:{&quot;current_class&quot;:&quot;bt_bb_bottom_spacing_medium&quot;,&quot;def&quot;:&quot;medium&quot;}}\"><div class=\"bt_bb_background_image_holder_wrapper\"><div class=\"bt_bb_background_image_holder btLazyLoadBackground\"  data-background_image_src=\"https:\/\/owwco1.garykli.com\/wp-content\/uploads\/2023\/09\/shutterstock_116229136.jpg\" data-parallax-zoom-start=\"1\" data-parallax-zoom-end=\"1\" data-parallax-blur-start=\"0\" data-parallax-blur-end=\"0\" data-parallax-opacity-start=\"1\" data-parallax-opacity-end=\"1\" style=\" background-image: url(&#039;https:\/\/owwco1.garykli.com\/wp-content\/plugins\/bold-page-builder\/img\/blank.gif&#039;);\"><\/div><\/div><div class=\"bt_bb_port\"><div class=\"bt_bb_cell\"><div class=\"bt_bb_cell_inner\"><div class=\"bt_bb_row \"  data-bt-override-class=\"{}\"><div class=\"bt_bb_row_holder\" ><div  class=\"bt_bb_column col-xxl-3 col-xl-3 bt_bb_vertical_align_top bt_bb_align_left bt_bb_padding_normal\" style=\"; --column-width:3;\" data-width=\"3\" data-bt-override-class=\"{}\"><div class=\"bt_bb_column_content\"><div class=\"bt_bb_column_content_inner\"><\/div><\/div><\/div><div  class=\"bt_bb_column col-xxl-6 col-xl-6 bt_bb_vertical_align_middle bt_bb_align_center bt_bb_padding_normal bt_bb_animation_fade_in animate\" style=\"; --column-width:6;\" data-width=\"6\" data-bt-override-class=\"{}\"><div class=\"bt_bb_column_content\"><div class=\"bt_bb_column_content_inner\"><div class=\"bt_bb_separator bt_bb_border_style_none bt_bb_border_color_none bt_bb_bottom_spacing_medium\" data-bt-override-class=\"null\"><\/div><header data-bb-version=\"4.6.1\" class=\"bt_bb_headline bt_bb_dash_none bt_bb_size_large bt_bb_align_inherit\" data-bt-override-class=\"{&quot;bt_bb_size_&quot;:{&quot;current_class&quot;:&quot;bt_bb_size_large&quot;,&quot;def&quot;:&quot;large&quot;},&quot;bt_bb_align_&quot;:{&quot;current_class&quot;:&quot;bt_bb_align_inherit&quot;,&quot;def&quot;:&quot;inherit&quot;}}\"><h1 class=\"bt_bb_headline_tag\"><span class=\"bt_bb_headline_content\"><span>Frais<\/span><\/span><\/h1><\/header><\/div><\/div><\/div><div  class=\"bt_bb_column col-xxl-3 col-xl-3 bt_bb_vertical_align_top bt_bb_align_left bt_bb_padding_normal\" style=\"; --column-width:3;\" data-width=\"3\" data-bt-override-class=\"{}\"><div class=\"bt_bb_column_content\"><div class=\"bt_bb_column_content_inner\"><\/div><\/div><\/div><\/div><\/div><\/div><!-- cell_inner --><\/div><!-- cell --><\/div><!-- port --><\/section><section data-bb-version=\"4.6.1\" id=\"bt_bb_section69dffa14a4d41\" class=\"bt_bb_section bt_bb_color_scheme_2 bt_bb_layout_boxed_1200 bt_bb_vertical_align_top bt_bb_top_spacing_medium bt_bb_bottom_spacing_large\" style=\"; --section-primary-color:#191919; --section-secondary-color:#ffffff;\" data-bt-override-class=\"{&quot;bt_bb_top_spacing_&quot;:{&quot;current_class&quot;:&quot;bt_bb_top_spacing_medium&quot;,&quot;def&quot;:&quot;medium&quot;},&quot;bt_bb_bottom_spacing_&quot;:{&quot;current_class&quot;:&quot;bt_bb_bottom_spacing_large&quot;,&quot;def&quot;:&quot;large&quot;}}\"><div class=\"bt_bb_port\"><div class=\"bt_bb_cell\"><div class=\"bt_bb_cell_inner\"><div class=\"bt_bb_row \"  data-bt-override-class=\"{}\"><div class=\"bt_bb_row_holder\" ><div data-bb-version=\"4.6.1\"  class=\"bt_bb_column col-xxl-12 col-xl-12 col-xs-12 col-sm-12 col-md-12 col-lg-12 bt_bb_vertical_align_top bt_bb_align_left bt_bb_padding_normal\" style=\"; --column-width:12;\" data-width=\"12\" data-bt-override-class=\"{}\"><div class=\"bt_bb_column_content\"><div class=\"bt_bb_column_content_inner\"><div data-bb-version=\"4.6.1\"  class=\"bt_bb_text\" ><\/p>\n<p><strong>Frais (en vigueur au 1<sup>er\u00a0<\/sup>janvier 2016)<\/strong><\/p>\n<p><strong>Attention- nouvelle politique de remboursement:<\/strong><br \/>\n\u00c1 partir du 1er juillet, 2016 certaines applications ne seront plus \u00e9ligibles aux remboursements. Pour plus de d\u00e9tails, s\u2019il vous pla\u00eet lire l\u2019article suivant \u00e0<\/p>\n<p>\n<\/div><div data-bb-version=\"4.6.1\" class=\"bt_bb_separator bt_bb_border_style_none bt_bb_border_color_none bt_bb_top_spacing_small bt_bb_bottom_spacing_none\" data-bt-override-class=\"{&quot;bt_bb_top_spacing_&quot;:{&quot;current_class&quot;:&quot;bt_bb_top_spacing_small&quot;,&quot;def&quot;:&quot;small&quot;},&quot;bt_bb_bottom_spacing_&quot;:{&quot;current_class&quot;:&quot;bt_bb_bottom_spacing_none&quot;,&quot;def&quot;:&quot;none&quot;}}\"><\/div><div data-bb-version=\"4.6.1\" class=\"bt_bb_button bt_bb_icon_position_left bt_bb_style_outline bt_bb_size_small bt_bb_width_inline bt_bb_shape_inherit bt_bb_target_blank bt_bb_text_transform_inherit bt_bb_align_inherit btWithIcon\" data-bt-override-class=\"{&quot;bt_bb_size_&quot;:{&quot;current_class&quot;:&quot;bt_bb_size_small&quot;,&quot;def&quot;:&quot;small&quot;},&quot;bt_bb_align_&quot;:{&quot;current_class&quot;:&quot;bt_bb_align_inherit&quot;,&quot;def&quot;:&quot;inherit&quot;}}\"><a href=\"https:\/\/owwco1.garykli.com\/wp-content\/uploads\/2023\/11\/OCB-Spring-2016_FINAL.pdf#page=9\" target=\"_blank\" class=\"bt_bb_link\" title=\"PDF\"><span class=\"bt_bb_button_text\" >PDF<\/span><span  data-ico-fontawesome=\"&#xf1c1;\" class=\"bt_bb_icon_holder\"><\/span><\/a><\/div><div data-bb-version=\"4.6.1\" class=\"bt_bb_separator bt_bb_border_style_none bt_bb_border_color_none bt_bb_top_spacing_normal bt_bb_bottom_spacing_normal\" data-bt-override-class=\"{&quot;bt_bb_top_spacing_&quot;:{&quot;current_class&quot;:&quot;bt_bb_top_spacing_normal&quot;,&quot;def&quot;:&quot;normal&quot;},&quot;bt_bb_bottom_spacing_&quot;:{&quot;current_class&quot;:&quot;bt_bb_bottom_spacing_normal&quot;,&quot;def&quot;:&quot;normal&quot;}}\"><\/div><div data-bb-version=\"4.6.1\"  class=\"bt_bb_text\" ><\/p>\n<table>\n<tbody>\n<tr>\n<td width=\"331\"><strong>Examens<\/strong><\/td>\n<td width=\"90\"><strong>Frais<\/strong><\/td>\n<\/tr>\n<tr>\n<td width=\"331\">Exploitant en formation (4 examens; r\u00e9seaux d\u2019eau et d\u2019eaux us\u00e9es<\/td>\n<td width=\"90\">50 $<\/td>\n<\/tr>\n<tr>\n<td width=\"331\">Cat\u00e9gories 1 \u00e0 4 (r\u00e9seaux d\u2019eau et d\u2019eaux us\u00e9es)<\/td>\n<td width=\"90\">140 $<\/td>\n<\/tr>\n<tr>\n<td width=\"331\">Exploitant de sous-r\u00e9seau d\u2019eau limit\u00e9<\/td>\n<td width=\"90\">140 $<\/td>\n<\/tr>\n<tr>\n<td width=\"331\">Analyste de la qualit\u00e9 de l\u2019eau<\/td>\n<td width=\"90\">140 $<\/td>\n<\/tr>\n<\/tbody>\n<\/table>\n<table width=\"421\">\n<tbody>\n<tr>\n<td width=\"331\"><strong>D\u00e9livrance des certificats\/permis (de niveau sup\u00e9rieur)<\/strong><\/td>\n<td width=\"90\"><strong>Frais<\/strong><\/td>\n<\/tr>\n<tr>\n<td width=\"331\">Exploitant en formation (r\u00e9seaux d\u2019eau)<\/td>\n<td width=\"90\">40 $<\/td>\n<\/tr>\n<tr>\n<td width=\"331\">Exploitant en formation (r\u00e9seaux d\u2019eaux us\u00e9es)<\/td>\n<td width=\"90\">40 $<\/td>\n<\/tr>\n<tr>\n<td width=\"331\">Cat\u00e9gories 1 \u00e0 4 (r\u00e9seaux d\u2019eau et d\u2019eaux us\u00e9es)<\/td>\n<td width=\"90\">175 $<\/td>\n<\/tr>\n<tr>\n<td width=\"331\">Exploitant de sous-r\u00e9seau d\u2019eau limit\u00e9<\/td>\n<td width=\"90\">150 $<\/td>\n<\/tr>\n<tr>\n<td width=\"331\">Analyste de la qualit\u00e9 de l\u2019eau<\/td>\n<td width=\"90\">175 $<\/td>\n<\/tr>\n<\/tbody>\n<\/table>\n<table>\n<tbody>\n<tr>\n<td width=\"331\"><strong>Renouvellement des certificats\/permis<\/strong><\/td>\n<td width=\"90\"><strong>Frais<\/strong><\/td>\n<\/tr>\n<tr>\n<td width=\"331\">Exploitant en formation (r\u00e9seaux d\u2019eau)<\/td>\n<td width=\"90\">145 $<\/td>\n<\/tr>\n<tr>\n<td width=\"331\">Exploitant en formation (r\u00e9seaux d\u2019eaux us\u00e9es)<\/td>\n<td width=\"90\">145 $<\/td>\n<\/tr>\n<tr>\n<td width=\"331\">Cat\u00e9gories 1 \u00e0 4 (r\u00e9seaux d\u2019eau)<\/td>\n<td width=\"90\">145 $<\/td>\n<\/tr>\n<tr>\n<td width=\"331\">Cat\u00e9gories 1 \u00e0 4 (r\u00e9seaux d\u2019eaux us\u00e9es)<\/td>\n<td width=\"90\">145 $<\/td>\n<\/tr>\n<tr>\n<td width=\"331\">Exploitant de sous-r\u00e9seau d\u2019eau limit\u00e9<\/td>\n<td width=\"90\">145 $<\/td>\n<\/tr>\n<tr>\n<td width=\"331\">Analyste de la qualit\u00e9 de l\u2019eau<\/td>\n<td width=\"90\">145 $<\/td>\n<\/tr>\n<\/tbody>\n<\/table>\n<table>\n<tbody>\n<tr>\n<td width=\"331\"><strong>Renouvellement tardif des certificats\/permis<\/strong><\/td>\n<td width=\"90\"><strong>Frais<\/strong><\/td>\n<\/tr>\n<tr>\n<td width=\"331\">Cat\u00e9gories 1 \u00e0 4 (r\u00e9seaux d\u2019eau)<\/td>\n<td width=\"90\">25 $<\/td>\n<\/tr>\n<tr>\n<td width=\"331\">Cat\u00e9gories 1 \u00e0 4 (r\u00e9seaux d\u2019eaux us\u00e9es)<\/td>\n<td width=\"90\">25 $<\/td>\n<\/tr>\n<tr>\n<td width=\"331\">Exploitant de sous-r\u00e9seau d\u2019eau limit\u00e9<\/td>\n<td width=\"90\">25 $<\/td>\n<\/tr>\n<tr>\n<td width=\"331\">Analyste de la qualit\u00e9 de l\u2019eau<\/td>\n<td width=\"90\">25 $<\/td>\n<\/tr>\n<\/tbody>\n<\/table>\n<table>\n<tbody>\n<tr>\n<td width=\"331\"><strong>Remplacement des certificats\/permis<\/strong><\/td>\n<td width=\"90\"><strong>Frais<\/strong><\/td>\n<\/tr>\n<tr>\n<td width=\"331\">Tous les certificats et permis<\/td>\n<td width=\"90\">75 $<\/td>\n<\/tr>\n<\/tbody>\n<\/table>\n<table>\n<tbody>\n<tr>\n<td width=\"331\"><strong>Classification des installations*<\/strong><\/td>\n<td width=\"90\"><strong>Frais<\/strong><\/td>\n<\/tr>\n<tr>\n<td width=\"331\">R\u00e9seaux d\u2019eau potable<\/td>\n<td width=\"90\">475 $<\/td>\n<\/tr>\n<tr>\n<td width=\"331\">R\u00e9seaux d\u2019eaux us\u00e9es<\/td>\n<td width=\"90\">475 $<\/td>\n<\/tr>\n<\/tbody>\n<\/table>\n<p>*Pay\u00e9 par le propri\u00e9taire<\/p>\n<table>\n<tbody>\n<tr>\n<td width=\"331\"><strong>\u00c9valuation des cours**<\/strong><\/td>\n<td width=\"90\"><strong>Frais<\/strong><\/td>\n<\/tr>\n<tr>\n<td width=\"331\">Cours li\u00e9s aux r\u00e9seaux d\u2019eau potable<\/td>\n<td width=\"90\">175 $<\/td>\n<\/tr>\n<tr>\n<td width=\"331\">Cours li\u00e9s aux r\u00e9seaux d\u2019eaux us\u00e9es<\/td>\n<td width=\"90\">175 $<\/td>\n<\/tr>\n<\/tbody>\n<\/table>\n<table>\n<tbody>\n<tr>\n<td width=\"331\"><strong>R\u00e9\u00e9valuation des cours\/Renouvellement**<\/strong><\/td>\n<td width=\"90\"><strong>Frais<\/strong><\/td>\n<\/tr>\n<tr>\n<td width=\"331\">Cours li\u00e9s aux r\u00e9seaux d\u2019eau potable<\/td>\n<td width=\"90\">125 $<\/td>\n<\/tr>\n<tr>\n<td width=\"331\">Cours li\u00e9s aux r\u00e9seaux d\u2019eaux us\u00e9es<\/td>\n<td width=\"90\">125 $<\/td>\n<\/tr>\n<\/tbody>\n<\/table>\n<p>**Pay\u00e9 par le fournisseur de cours<\/p>\n<p>\n<\/div><\/div><\/div><\/div><\/div><\/div><\/div><!-- cell_inner --><\/div><!-- cell --><\/div><!-- port --><\/section><\/p>\n","protected":false},"excerpt":{"rendered":"","protected":false},"author":1,"featured_media":0,"parent":0,"menu_order":0,"comment_status":"closed","ping_status":"closed","template":"","meta":{"footnotes":""},"class_list":["post-5322","page","type-page","status-publish","hentry"],"_links":{"self":[{"href":"https:\/\/owwco1.garykli.com\/fr\/wp-json\/wp\/v2\/pages\/5322","targetHints":{"allow":["GET"]}}],"collection":[{"href":"https:\/\/owwco1.garykli.com\/fr\/wp-json\/wp\/v2\/pages"}],"about":[{"href":"https:\/\/owwco1.garykli.com\/fr\/wp-json\/wp\/v2\/types\/page"}],"author":[{"embeddable":true,"href":"https:\/\/owwco1.garykli.com\/fr\/wp-json\/wp\/v2\/users\/1"}],"replies":[{"embeddable":true,"href":"https:\/\/owwco1.garykli.com\/fr\/wp-json\/wp\/v2\/comments?post=5322"}],"version-history":[{"count":2,"href":"https:\/\/owwco1.garykli.com\/fr\/wp-json\/wp\/v2\/pages\/5322\/revisions"}],"predecessor-version":[{"id":5324,"href":"https:\/\/owwco1.garykli.com\/fr\/wp-json\/wp\/v2\/pages\/5322\/revisions\/5324"}],"wp:attachment":[{"href":"https:\/\/owwco1.garykli.com\/fr\/wp-json\/wp\/v2\/media?parent=5322"}],"curies":[{"name":"wp","href":"https:\/\/api.w.org\/{rel}","templated":true}]}}