{"id":5325,"date":"2023-11-06T20:42:16","date_gmt":"2023-11-06T20:42:16","guid":{"rendered":"https:\/\/owwco1.garykli.com\/accommodation\/"},"modified":"2023-11-29T22:42:43","modified_gmt":"2023-11-29T22:42:43","slug":"adaptation-des-examens","status":"publish","type":"page","link":"https:\/\/owwco1.garykli.com\/fr\/adaptation-des-examens\/","title":{"rendered":"Accommodements li\u00e9s \u00e0 l\u2019examen d\u2019accr\u00e9ditation des exploitants d\u2019installations d\u2019eau potable et d\u2019eaux us\u00e9es"},"content":{"rendered":"<p><section data-bb-version=\"4.6.1\" id=\"bt_bb_section69e01276c344b\" class=\"bt_bb_section bt_bb_color_scheme_1 bt_bb_layout_boxed_1200 bt_bb_vertical_align_top bt_bb_background_overlay_dark_solid bt_bb_top_spacing_medium bt_bb_bottom_spacing_medium\" style=\"; --section-primary-color:#ffffff; --section-secondary-color:#191919;\" data-bt-override-class=\"{&quot;bt_bb_top_spacing_&quot;:{&quot;current_class&quot;:&quot;bt_bb_top_spacing_medium&quot;,&quot;def&quot;:&quot;medium&quot;},&quot;bt_bb_bottom_spacing_&quot;:{&quot;current_class&quot;:&quot;bt_bb_bottom_spacing_medium&quot;,&quot;def&quot;:&quot;medium&quot;}}\"><div class=\"bt_bb_background_image_holder_wrapper\"><div class=\"bt_bb_background_image_holder btLazyLoadBackground\"  data-background_image_src=\"https:\/\/owwco1.garykli.com\/wp-content\/uploads\/2023\/09\/shutterstock_116229136.jpg\" data-parallax-zoom-start=\"1\" data-parallax-zoom-end=\"1\" data-parallax-blur-start=\"0\" data-parallax-blur-end=\"0\" data-parallax-opacity-start=\"1\" data-parallax-opacity-end=\"1\" style=\" background-image: url(&#039;https:\/\/owwco1.garykli.com\/wp-content\/plugins\/bold-page-builder\/img\/blank.gif&#039;);\"><\/div><\/div><div class=\"bt_bb_port\"><div class=\"bt_bb_cell\"><div class=\"bt_bb_cell_inner\"><div class=\"bt_bb_row \"  data-bt-override-class=\"{}\"><div class=\"bt_bb_row_holder\" ><div  class=\"bt_bb_column col-xxl-3 col-xl-3 bt_bb_vertical_align_top bt_bb_align_left bt_bb_padding_normal\" style=\"; --column-width:3;\" data-width=\"3\" data-bt-override-class=\"{}\"><div class=\"bt_bb_column_content\"><div class=\"bt_bb_column_content_inner\"><\/div><\/div><\/div><div  class=\"bt_bb_column col-xxl-6 col-xl-6 bt_bb_vertical_align_middle bt_bb_align_center bt_bb_padding_normal bt_bb_animation_fade_in animate\" style=\"; --column-width:6;\" data-width=\"6\" data-bt-override-class=\"{}\"><div class=\"bt_bb_column_content\"><div class=\"bt_bb_column_content_inner\"><div class=\"bt_bb_separator bt_bb_border_style_none bt_bb_border_color_none bt_bb_bottom_spacing_medium\" data-bt-override-class=\"null\"><\/div><header data-bb-version=\"4.7.6\" class=\"bt_bb_headline bt_bb_dash_none bt_bb_size_large bt_bb_align_inherit\" data-bt-override-class=\"{&quot;bt_bb_size_&quot;:{&quot;current_class&quot;:&quot;bt_bb_size_large&quot;,&quot;def&quot;:&quot;large&quot;},&quot;bt_bb_align_&quot;:{&quot;current_class&quot;:&quot;bt_bb_align_inherit&quot;,&quot;def&quot;:&quot;inherit&quot;}}\"><h1 class=\"bt_bb_headline_tag\"><span class=\"bt_bb_headline_content\"><span>Accommodements li\u00e9s \u00e0 l\u2019examen d\u2019accr\u00e9ditation des exploitants d\u2019installations d\u2019eau potable et d\u2019eaux us\u00e9es<\/span><\/span><\/h1><\/header><\/div><\/div><\/div><div  class=\"bt_bb_column col-xxl-3 col-xl-3 bt_bb_vertical_align_top bt_bb_align_left bt_bb_padding_normal\" style=\"; --column-width:3;\" data-width=\"3\" data-bt-override-class=\"{}\"><div class=\"bt_bb_column_content\"><div class=\"bt_bb_column_content_inner\"><\/div><\/div><\/div><\/div><\/div><\/div><!-- cell_inner --><\/div><!-- cell --><\/div><!-- port --><\/section><section data-bb-version=\"4.6.1\" id=\"bt_bb_section69e01276c38c8\" class=\"bt_bb_section bt_bb_color_scheme_2 bt_bb_layout_boxed_1200 bt_bb_vertical_align_top bt_bb_top_spacing_normal bt_bb_bottom_spacing_medium\" style=\"; --section-primary-color:#191919; --section-secondary-color:#ffffff;\" data-bt-override-class=\"{&quot;bt_bb_top_spacing_&quot;:{&quot;current_class&quot;:&quot;bt_bb_top_spacing_normal&quot;,&quot;def&quot;:&quot;normal&quot;},&quot;bt_bb_bottom_spacing_&quot;:{&quot;current_class&quot;:&quot;bt_bb_bottom_spacing_medium&quot;,&quot;def&quot;:&quot;medium&quot;}}\"><div class=\"bt_bb_port\"><div class=\"bt_bb_cell\"><div class=\"bt_bb_cell_inner\"><div class=\"bt_bb_row \"  data-bt-override-class=\"{}\"><div class=\"bt_bb_row_holder\" ><div data-bb-version=\"4.6.1\"  class=\"bt_bb_column col-xxl-12 col-xl-12 col-xs-12 col-sm-12 col-md-12 col-lg-12 bt_bb_vertical_align_top bt_bb_align_left bt_bb_padding_normal\" style=\"; --column-width:12;\" data-width=\"12\" data-bt-override-class=\"{}\"><div class=\"bt_bb_column_content\"><div class=\"bt_bb_column_content_inner\"><div data-bb-version=\"4.6.1\"  class=\"bt_bb_text\" ><\/p>\n<div id=\"purpose\" class=\"wpb_text_column wpb_content_element \">\n<div class=\"wpb_wrapper\">\n<h3>Dans cette page<\/h3>\n<ol>\n<li style=\"font-weight: 400;\" aria-level=\"1\"><span style=\"font-weight: 400;\">Objet<\/span><\/li>\n<li style=\"font-weight: 400;\" aria-level=\"1\"><span style=\"font-weight: 400;\">Contexte<\/span><\/li>\n<li style=\"font-weight: 400;\" aria-level=\"1\"><span style=\"font-weight: 400;\">Politique du minist\u00e8re<\/span><\/li>\n<\/ol>\n<h3>Objet<\/h3>\n<p><span style=\"font-weight: 400;\">Expliquer aux exploitants d\u2019installations d\u2019eau et aux analystes de la qualit\u00e9 de l\u2019eau (AQE) les politiques concernant les accommodements li\u00e9s aux examens.\u00a0<\/span><\/p>\n<h3>Contexte<\/h3>\n<p><span style=\"font-weight: 400;\">La\u00a0<\/span><a href=\"https:\/\/www.ontario.ca\/fr\/lois\/loi\/05a11\" target=\"_blank\" rel=\"noopener\"><i><span style=\"font-weight: 400;\">Loi sur l\u2019accessibilit\u00e9 pour les personnes handicap\u00e9es de l&rsquo;Ontario<\/span><\/i><\/a><span style=\"font-weight: 400;\">\u00a0et le <\/span><a href=\"http:\/\/www.ontario.ca\/fr\/lois\/reglement\/110191\" target=\"_blank\" rel=\"noopener\"><span style=\"font-weight: 400;\">R\u00e8glement de l&rsquo;Ontario 191\/11 : Normes d&rsquo;accessibilit\u00e9 int\u00e9gr\u00e9es<\/span><\/a><span style=\"font-weight: 400;\"> \u00e9tablissent les normes visant \u00e0 accommoder les personnes handicap\u00e9es. Cette directive donne des conseils sur l\u2019accommodement dans le cadre des examens d\u2019accr\u00e9ditation fond\u00e9s sur la <\/span><i><span style=\"font-weight: 400;\">Loi<\/span><\/i><span style=\"font-weight: 400;\"> et le r\u00e8glement. Selon cette directive, deux types d\u2019accommodements sont consid\u00e9r\u00e9s : les personnes ayant un handicap tel que d\u00e9fini par la <\/span><i><span style=\"font-weight: 400;\">Loi sur l\u2019accessibilit\u00e9 pour les personnes handicap\u00e9es de l\u2019Ontario<\/span><\/i><span style=\"font-weight: 400;\">; et les personnes qui souhaitent un accommodement pour des raisons linguistiques.<\/span><\/p>\n<h3>Politique du minist\u00e8re<\/h3>\n<p><span style=\"font-weight: 400;\">En ce qui concerne les accommodements pr\u00e9vus par la <\/span><i><span style=\"font-weight: 400;\">Loi sur l\u2019accessibilit\u00e9 pour les personnes handicap\u00e9es de l\u2019Ontario<\/span><\/i><span style=\"font-weight: 400;\"> :<\/span><\/p>\n<p><span style=\"font-weight: 400;\">Comme principe g\u00e9n\u00e9ral, l\u2019administrateur du programme envisagera un accommodement pour donner au candidat une chance \u00e9gale de participer \u00e0 un examen dans un environnement qui r\u00e9pond aux besoins de son handicap.<\/span><\/p>\n<p><span style=\"font-weight: 400;\">Les accommodements qui ne sont pas requis pour r\u00e9pondre aux besoins du handicap, et qui donneraient au candidat un avantage sur les autres candidats, ne seront pas consid\u00e9r\u00e9s.<\/span><\/p>\n<p><span style=\"font-weight: 400;\">Types d\u2019accommodements consid\u00e9r\u00e9s g\u00e9n\u00e9ralement :<\/span><\/p>\n<ul>\n<li style=\"font-weight: 400;\" aria-level=\"1\"><span style=\"font-weight: 400;\">Examen oral<\/span><\/li>\n<li style=\"font-weight: 400;\" aria-level=\"1\"><span style=\"font-weight: 400;\">Lecture de l\u2019examen par voie d\u2019un appareil \u00e9lectronique<\/span><\/li>\n<li style=\"font-weight: 400;\" aria-level=\"1\"><span style=\"font-weight: 400;\">Dur\u00e9e de l\u2019examen<\/span><\/li>\n<li style=\"font-weight: 400;\" aria-level=\"1\"><span style=\"font-weight: 400;\">Am\u00e9nagement physique<\/span><\/li>\n<li style=\"font-weight: 400;\" aria-level=\"1\"><span style=\"font-weight: 400;\">Autres accommodements selon la situation<\/span><\/li>\n<\/ul>\n<p><span style=\"font-weight: 400;\">Les demandes qui concernent la capacit\u00e9 de comprendre un texte \u00e9crit seront examin\u00e9es, bien qu\u2019il soit entendu que la capacit\u00e9 de lire est une exigence fondamentale qu\u2019un exploitant doit avoir pour assumer ses t\u00e2ches et prot\u00e9ger la sant\u00e9 publique et l\u2019environnement naturel.\u00a0<\/span><\/p>\n<p><span style=\"font-weight: 400;\">Toute personne qui souhaite un accommodement pour un examen devra fournir \u00e0 l\u2019administrateur du programme, aux fins d\u2019examen, une lettre d\u2019un m\u00e9decin qualifi\u00e9 qui pr\u00e9cise le besoin d\u2019accommodement de la personne et qui indique si celle-ci est capable de lire et de comprendre des proc\u00e9dures op\u00e9rationnelles ou des consignes de s\u00e9curit\u00e9, comme l\u2019exige un emploi d\u2019exploitant.\u00a0<\/span><\/p>\n<p><span style=\"font-weight: 400;\">L\u2019administrateur du programme prendra toutes les mesures raisonnables pour accommoder la demande \u00e0 la date d\u2019examen offerte\/demand\u00e9e. Si la demande d\u2019accommodement est faite apr\u00e8s la date limite d\u2019inscription \u00e0 l\u2019examen, l\u2019examen pourrait \u00eatre report\u00e9 \u00e0 une date ult\u00e9rieure. Dans le cas des examens oraux ou d\u2019autres accommodements exigeant des changements dans l\u2019administration de la session d\u2019examen planifi\u00e9e, une autre date pourrait \u00eatre choisie en fonction de la disponibilit\u00e9 des ressources n\u00e9cessaires (p. ex., surveillant, salle d\u2019examen, \u00e9quipement, etc.).<\/span><\/p>\n<p><span style=\"font-weight: 400;\">Les examens oraux doivent \u00eatre administr\u00e9s par une personne qui r\u00e9pond aux exigences de surveillant d\u2019examen. Elle est choisie par l\u2019administrateur du programme. Les surveillants d\u2019un examen oral ne peuvent pas fournir de renseignements suppl\u00e9mentaires qui ne font pas partie de l\u2019examen.<\/span><\/p>\n<p><span style=\"font-weight: 400;\">Les appareils de lecture \u00e9lectronique seront permis seulement si l\u2019\u00e9quipement et l\u2019organisation o\u00f9 a lieu l\u2019examen se conforment aux exigences de s\u00e9curit\u00e9 du minist\u00e8re de l\u2019Environnement, de la Protection de la nature et des Parcs. Aucune organisation ne peut faire, g\u00e9rer ou stocker de copie papier ou num\u00e9rique d\u2019un examen.<\/span><\/p>\n<p><span style=\"font-weight: 400;\">Si l\u2019accommodement risque de d\u00e9ranger les autres personnes, l\u2019examen peut avoir lieu dans une salle s\u00e9par\u00e9e avec un autre surveillant et\/ou \u00e0 une autre date.<\/span><\/p>\n<p><span style=\"font-weight: 400;\">Aucun autre document, comme un dictionnaire ou d\u2019autres sources d\u2019information non fournies dans le cadre de l\u2019examen, n\u2019est permis. De tels documents donneraient \u00e0 la personne un avantage injuste pour les autres candidats qui passent l\u2019examen.<\/span><\/p>\n<p><span style=\"font-weight: 400;\">S\u2019il faut plus de temps, le temps maximal allou\u00e9 est de 4 heures et sera d\u00e9termin\u00e9 avant l\u2019examen en fonction de l\u2019accommodement requis.<\/span><\/p>\n<\/div>\n<\/div>\n<p>\n<\/div><div data-bb-version=\"4.6.1\" class=\"bt_bb_separator bt_bb_border_style_none bt_bb_border_color_none bt_bb_top_spacing_none bt_bb_bottom_spacing_normal\" data-bt-override-class=\"{&quot;bt_bb_top_spacing_&quot;:{&quot;current_class&quot;:&quot;bt_bb_top_spacing_none&quot;,&quot;def&quot;:&quot;none&quot;},&quot;bt_bb_bottom_spacing_&quot;:{&quot;current_class&quot;:&quot;bt_bb_bottom_spacing_normal&quot;,&quot;def&quot;:&quot;normal&quot;}}\"><\/div><div data-bb-version=\"4.6.1\"  class=\"bt_bb_text\" ><\/p>\n<p style=\"text-align: right;\"><span style=\"font-weight: 400;\">Mise \u00e0 jour : novembre 2023<\/span><span style=\"font-weight: 400;\"><br \/>\n<\/span><span style=\"font-weight: 400;\">Publication : f\u00e9vrier 2023<\/span><\/p>\n<p>\n<\/div><\/div><\/div><\/div><\/div><\/div><\/div><!-- cell_inner --><\/div><!-- cell --><\/div><!-- port --><\/section><\/p>\n","protected":false},"excerpt":{"rendered":"","protected":false},"author":1,"featured_media":0,"parent":0,"menu_order":0,"comment_status":"closed","ping_status":"closed","template":"","meta":{"footnotes":""},"class_list":["post-5325","page","type-page","status-publish","hentry"],"_links":{"self":[{"href":"https:\/\/owwco1.garykli.com\/fr\/wp-json\/wp\/v2\/pages\/5325","targetHints":{"allow":["GET"]}}],"collection":[{"href":"https:\/\/owwco1.garykli.com\/fr\/wp-json\/wp\/v2\/pages"}],"about":[{"href":"https:\/\/owwco1.garykli.com\/fr\/wp-json\/wp\/v2\/types\/page"}],"author":[{"embeddable":true,"href":"https:\/\/owwco1.garykli.com\/fr\/wp-json\/wp\/v2\/users\/1"}],"replies":[{"embeddable":true,"href":"https:\/\/owwco1.garykli.com\/fr\/wp-json\/wp\/v2\/comments?post=5325"}],"version-history":[{"count":5,"href":"https:\/\/owwco1.garykli.com\/fr\/wp-json\/wp\/v2\/pages\/5325\/revisions"}],"predecessor-version":[{"id":5450,"href":"https:\/\/owwco1.garykli.com\/fr\/wp-json\/wp\/v2\/pages\/5325\/revisions\/5450"}],"wp:attachment":[{"href":"https:\/\/owwco1.garykli.com\/fr\/wp-json\/wp\/v2\/media?parent=5325"}],"curies":[{"name":"wp","href":"https:\/\/api.w.org\/{rel}","templated":true}]}}